{"id":799,"date":"2025-02-10T18:09:56","date_gmt":"2025-02-10T23:09:56","guid":{"rendered":"https:\/\/agrilisto.com.ec\/?page_id=799"},"modified":"2025-02-21T18:53:08","modified_gmt":"2025-02-21T23:53:08","slug":"frozen-products-and-services","status":"publish","type":"page","link":"https:\/\/agrilisto.com.ec\/en\/frozen-products-and-services\/","title":{"rendered":"Frozen products and services"},"content":{"rendered":"<div class=\"wpb-content-wrapper\"><p>[vc_row css=&#8221;.vc_custom_1739371308272{padding-top: 65px !important;padding-bottom: 45px !important;}&#8221;][vc_column][vc_row_inner css=&#8221;.vc_custom_1739371314204{padding-top: 20px !important;padding-bottom: 20px !important;}&#8221;][vc_column_inner width=&#8221;1\/3&#8243;][vc_hoverbox image=&#8221;566&#8243; primary_title=&#8221;&#8221; hover_title=&#8221;Chunky avocado&#8221; css_animation=&#8221;bounceInLeft&#8221;]Frozen Hass avocado pulp with chunks. Ideal for salads, guacamoles, garnishes.[\/vc_hoverbox][\/vc_column_inner][vc_column_inner width=&#8221;1\/3&#8243;][vc_hoverbox image=&#8221;567&#8243; primary_title=&#8221;&#8221; hover_title=&#8221;Andean potatoes&#8221; css_animation=&#8221;bounceIn&#8221;]Whole frozen red and yellow Andean potatoes, random cuts. Pre-fried in frozen sticks and wedges, with or without peel.[\/vc_hoverbox][\/vc_column_inner][vc_column_inner width=&#8221;1\/3&#8243;][vc_hoverbox image=&#8221;761&#8243; primary_title=&#8221;&#8221; hover_title=&#8221;Avocado smoothie&#8221; css_animation=&#8221;bounceInRight&#8221;]Frozen Hass avocado pulp. Ideal for sauces, mayonnaise, smoothies.[\/vc_hoverbox][\/vc_column_inner][\/vc_row_inner][vc_row_inner css=&#8221;.vc_custom_1738807781678{padding-top: 20px !important;padding-bottom: 20px !important;}&#8221;][vc_column_inner width=&#8221;1\/3&#8243;][vc_hoverbox image=&#8221;681&#8243; primary_title=&#8221;&#8221; hover_title=&#8221;Taro&#8221; css_animation=&#8221;bounceInLeft&#8221;]Peeled, whole and frozen in pieces.[\/vc_hoverbox][\/vc_column_inner][vc_column_inner width=&#8221;1\/3&#8243;][vc_hoverbox image=&#8221;570&#8243; primary_title=&#8221;&#8221; hover_title=&#8221;Yuca&#8221; css_animation=&#8221;bounceIn&#8221;](Cassava) Peeled, whole and frozen in pieces.[\/vc_hoverbox][\/vc_column_inner][vc_column_inner width=&#8221;1\/3&#8243;][vc_hoverbox image=&#8221;762&#8243; primary_title=&#8221;&#8221; hover_title=&#8221;Avocado in cuts&#8221; css_animation=&#8221;bounceInRight&#8221;]Frozen Hass avocado in halves, slices, chunks.[\/vc_hoverbox][\/vc_column_inner][\/vc_row_inner][vc_row_inner css=&#8221;.vc_custom_1738807781678{padding-top: 20px !important;padding-bottom: 20px !important;}&#8221;][vc_column_inner width=&#8221;1\/3&#8243;][vc_hoverbox image=&#8221;572&#8243; primary_title=&#8221;&#8221; hover_title=&#8221;Spiced guacamole&#8221; css_animation=&#8221;bounceInLeft&#8221;]Frozen Hass avocado pulp with spiced chunks. Contains onion, tomato, lemon and spices. Ready to eat.[\/vc_hoverbox][\/vc_column_inner][vc_column_inner width=&#8221;1\/3&#8243;][vc_hoverbox image=&#8221;759&#8243; primary_title=&#8221;&#8221; hover_title=&#8221;Eddo&#8221; css_animation=&#8221;bounceIn&#8221;]Cooked or raw, frozen in slices, random cuts, whole.[\/vc_hoverbox][\/vc_column_inner][vc_column_inner width=&#8221;1\/3&#8243;][vc_hoverbox image=&#8221;574&#8243; primary_title=&#8221;&#8221; hover_title=&#8221;Chili&#8221; css_animation=&#8221;bounceInRight&#8221;]Frozen whole chili peppers. Habanero, serrano, criollo, wiri-wiri, scotch bonnet[\/vc_hoverbox][\/vc_column_inner][\/vc_row_inner][vc_row_inner css=&#8221;.vc_custom_1738807781678{padding-top: 20px !important;padding-bottom: 20px !important;}&#8221;][vc_column_inner width=&#8221;1\/3&#8243;][vc_hoverbox image=&#8221;768&#8243; primary_title=&#8221;&#8221; hover_title=&#8221;Green plantain&#8221; css_animation=&#8221;bounceInLeft&#8221;]Ecuadorian green plantain cooked or raw whole, in coins and frozen puree.[\/vc_hoverbox][\/vc_column_inner][vc_column_inner width=&#8221;1\/3&#8243;][vc_hoverbox image=&#8221;575&#8243; primary_title=&#8221;&#8221; hover_title=&#8221;Banana&#8221; css_animation=&#8221;bounceIn&#8221;]Whole Ecuadorian banana, in coins and frozen puree.[\/vc_hoverbox][\/vc_column_inner][vc_column_inner width=&#8221;1\/3&#8243;][vc_hoverbox image=&#8221;576&#8243; primary_title=&#8221;&#8221; hover_title=&#8221;Yellow pitahaya&#8221; css_animation=&#8221;fadeInRight&#8221;]Frozen yellow and red pitahaya in pulp, halves, slices, halves with and without peel.[\/vc_hoverbox][\/vc_column_inner][\/vc_row_inner][\/vc_column][\/vc_row][vc_row css=&#8221;.vc_custom_1738807753001{padding-top: 65px !important;padding-bottom: 45px !important;background: #32985B69 url(http:\/\/demo2.steelthemes.com\/gardenhub\/wp-content\/uploads\/sites\/6\/2017\/06\/page-header.jpg?id=196) !important;}&#8221;][vc_column]<div class=\"fh-section-title clearfix  text-center style-1 version-dark\"><div class=\"container\"><h2>Development and <span class=\"main-color\">manufacturing service<\/span><\/h2><\/div><\/div>[vc_single_image image=&#8221;758&#8243; img_size=&#8221;full&#8221; alignment=&#8221;center&#8221; css=&#8221;.vc_custom_1739991532166{padding-bottom: 30px !important;}&#8221;][vc_column_text css=&#8221;.vc_custom_1740003841950{padding-bottom: 35px !important;}&#8221;]<\/p>\n<h3 style=\"text-align: center;\">We create and produce your product<\/h3>\n<p>[\/vc_column_text][vc_row_inner el_class=&#8221;iconos_maquila&#8221;][vc_column_inner]<div class=\"fh-icon-box clearfix  style-1\"><h4><span title=\"\">Raw material<\/span><\/h4><span class=\"fh-icon\"><i class=\"fa fa-search\"><\/i><\/span><div class=\"desc\"><p style=\"text-align: justify;\">We seek the best raw materials from direct producers, guaranteeing quality and production capacity through fair trade and agricultural development.<\/p>\n<\/div><\/div><div class=\"fh-icon-box clearfix  style-1\"><h4><span title=\"\">Product design<\/span><\/h4><span class=\"fh-icon\"><i class=\"flaticon-pencil\"><\/i><\/span><div class=\"desc\"><p style=\"text-align: justify;\">We design the product according to the client&#8217;s and market&#8217;s specifications for any commercial line, with competitive costs and efficient productions seeking continuous improvement.<\/p>\n<\/div><\/div><div class=\"fh-icon-box clearfix  style-1\"><h4><span title=\"\">Guarantee in processes<\/span><\/h4><span class=\"fh-icon\"><i class=\"fa fa-diamond\"><\/i><\/span><div class=\"desc\"><p style=\"text-align: justify;\">We guarantee productive processes over time to position your product, your brand and ensure profitability.<\/p>\n<\/div><\/div>[vc_column_text css=&#8221;&#8221;]<\/p>\n<p style=\"text-align: center;\"><strong><span style=\"color: #000000;\">We help you add value to your fresh produce, reducing product loss and opening up business opportunities.<\/span><\/strong><\/p>\n<p>[\/vc_column_text][\/vc_column_inner][\/vc_row_inner][\/vc_column][\/vc_row][vc_row css=&#8221;.vc_custom_1739847691536{padding-top: 65px !important;padding-bottom: 45px !important;}&#8221;][vc_column]<div class=\"fh-section-title clearfix  text-center style-1 version-dark\"><div class=\"container\"><h2>Storing frozen <span class=\"main-color\">Foods<\/span><\/h2><\/div><\/div>[vc_row_inner css=&#8221;.vc_custom_1496133799934{margin-top: 50px !important;}&#8221;][vc_column_inner width=&#8221;1\/3&#8243;]<div class=\"fh-icon-box clearfix  style-2\"><h4><span title=\"\">Monitoring<\/span><\/h4><span class=\"fh-icon\"><i class=\"fa fa-video-camera\"><\/i><\/span><div class=\"desc\"><p>We have monitored freezing chambers backed up by our own generator. -20\u00b0C<\/p>\n<\/div><\/div>[\/vc_column_inner][vc_column_inner width=&#8221;1\/3&#8243;]<div class=\"fh-icon-box clearfix  style-2\"><h4><span title=\"\">Security<\/span><\/h4><span class=\"fh-icon\"><i class=\"flaticon-shield\"><\/i><\/span><div class=\"desc\"><p>Security and proper storage management 24\/7<\/p>\n<\/div><\/div>[\/vc_column_inner][vc_column_inner width=&#8221;1\/3&#8243;]<div class=\"fh-icon-box clearfix  style-2\"><h4><span title=\"\">Storage<\/span><\/h4><span class=\"fh-icon\"><i class=\"fa fa-houzz\"><\/i><\/span><div class=\"desc\"><p>Ample storage space<\/p>\n<\/div><\/div>[\/vc_column_inner][\/vc_row_inner][\/vc_column][\/vc_row]<\/p>\n<\/div>","protected":false},"excerpt":{"rendered":"<p>[vc_row css=&#8221;.vc_custom_1739371308272{padding-top: 65px !important;padding-bottom: 45px !important;}&#8221;][vc_column][vc_row_inner css=&#8221;.vc_custom_1739371314204{padding-top: 20px !important;padding-bottom: 20px !important;}&#8221;][vc_column_inner width=&#8221;1\/3&#8243;][vc_hoverbox image=&#8221;566&#8243; primary_title=&#8221;&#8221; hover_title=&#8221;Chunky avocado&#8221; css_animation=&#8221;bounceInLeft&#8221;]Frozen Hass avocado pulp&hellip;<\/p>\n","protected":false},"author":1,"featured_media":0,"parent":0,"menu_order":0,"comment_status":"closed","ping_status":"closed","template":"template-fullwidth.php","meta":{"footnotes":""},"class_list":["post-799","page","type-page","status-publish","hentry","no-thumb"],"yoast_head":"<!-- This site is optimized with the Yoast SEO plugin v24.5 - https:\/\/yoast.com\/wordpress\/plugins\/seo\/ -->\n<title>Frozen products and services - Agrilisto<\/title>\n<meta name=\"description\" content=\"Agrilisto desde 2016 se suma a este prop\u00f3sito brindando productos con innovaci\u00f3n y calidad para diferentes canales comerciales especializ\u00e1ndonos en formatos congelados y refrigerados.\" \/>\n<meta name=\"robots\" content=\"index, follow, max-snippet:-1, max-image-preview:large, max-video-preview:-1\" \/>\n<link rel=\"canonical\" href=\"https:\/\/agrilisto.com.ec\/en\/frozen-products-and-services\/\" \/>\n<meta property=\"og:locale\" content=\"en_US\" \/>\n<meta property=\"og:type\" content=\"article\" \/>\n<meta property=\"og:title\" content=\"Frozen products and services - Agrilisto\" \/>\n<meta property=\"og:description\" content=\"Agrilisto desde 2016 se suma a este prop\u00f3sito brindando productos con innovaci\u00f3n y calidad para diferentes canales comerciales especializ\u00e1ndonos en formatos congelados y refrigerados.\" \/>\n<meta property=\"og:url\" content=\"https:\/\/agrilisto.com.ec\/en\/frozen-products-and-services\/\" \/>\n<meta property=\"og:site_name\" content=\"Agrilisto\" \/>\n<meta property=\"article:modified_time\" content=\"2025-02-21T23:53:08+00:00\" \/>\n<meta name=\"twitter:card\" content=\"summary_large_image\" \/>\n<meta name=\"twitter:label1\" content=\"Est. reading time\" \/>\n\t<meta name=\"twitter:data1\" content=\"5 minutes\" \/>\n<script type=\"application\/ld+json\" class=\"yoast-schema-graph\">{\"@context\":\"https:\/\/schema.org\",\"@graph\":[{\"@type\":\"WebPage\",\"@id\":\"https:\/\/agrilisto.com.ec\/en\/frozen-products-and-services\/\",\"url\":\"https:\/\/agrilisto.com.ec\/en\/frozen-products-and-services\/\",\"name\":\"Frozen products and services - Agrilisto\",\"isPartOf\":{\"@id\":\"https:\/\/agrilisto.com.ec\/#website\"},\"datePublished\":\"2025-02-10T23:09:56+00:00\",\"dateModified\":\"2025-02-21T23:53:08+00:00\",\"description\":\"Agrilisto desde 2016 se suma a este prop\u00f3sito brindando productos con innovaci\u00f3n y calidad para diferentes canales comerciales especializ\u00e1ndonos en formatos congelados y refrigerados.\",\"breadcrumb\":{\"@id\":\"https:\/\/agrilisto.com.ec\/en\/frozen-products-and-services\/#breadcrumb\"},\"inLanguage\":\"en-US\",\"potentialAction\":[{\"@type\":\"ReadAction\",\"target\":[\"https:\/\/agrilisto.com.ec\/en\/frozen-products-and-services\/\"]}]},{\"@type\":\"BreadcrumbList\",\"@id\":\"https:\/\/agrilisto.com.ec\/en\/frozen-products-and-services\/#breadcrumb\",\"itemListElement\":[{\"@type\":\"ListItem\",\"position\":1,\"name\":\"Portada\",\"item\":\"https:\/\/agrilisto.com.ec\/\"},{\"@type\":\"ListItem\",\"position\":2,\"name\":\"Frozen products and services\"}]},{\"@type\":\"WebSite\",\"@id\":\"https:\/\/agrilisto.com.ec\/#website\",\"url\":\"https:\/\/agrilisto.com.ec\/\",\"name\":\"Agrilisto\",\"description\":\"Agrilisto del Ecuador\",\"potentialAction\":[{\"@type\":\"SearchAction\",\"target\":{\"@type\":\"EntryPoint\",\"urlTemplate\":\"https:\/\/agrilisto.com.ec\/?s={search_term_string}\"},\"query-input\":{\"@type\":\"PropertyValueSpecification\",\"valueRequired\":true,\"valueName\":\"search_term_string\"}}],\"inLanguage\":\"en-US\"}]}<\/script>\n<!-- \/ Yoast SEO plugin. -->","yoast_head_json":{"title":"Frozen products and services - Agrilisto","description":"Agrilisto desde 2016 se suma a este prop\u00f3sito brindando productos con innovaci\u00f3n y calidad para diferentes canales comerciales especializ\u00e1ndonos en formatos congelados y refrigerados.","robots":{"index":"index","follow":"follow","max-snippet":"max-snippet:-1","max-image-preview":"max-image-preview:large","max-video-preview":"max-video-preview:-1"},"canonical":"https:\/\/agrilisto.com.ec\/en\/frozen-products-and-services\/","og_locale":"en_US","og_type":"article","og_title":"Frozen products and services - Agrilisto","og_description":"Agrilisto desde 2016 se suma a este prop\u00f3sito brindando productos con innovaci\u00f3n y calidad para diferentes canales comerciales especializ\u00e1ndonos en formatos congelados y refrigerados.","og_url":"https:\/\/agrilisto.com.ec\/en\/frozen-products-and-services\/","og_site_name":"Agrilisto","article_modified_time":"2025-02-21T23:53:08+00:00","twitter_card":"summary_large_image","twitter_misc":{"Est. reading time":"5 minutes"},"schema":{"@context":"https:\/\/schema.org","@graph":[{"@type":"WebPage","@id":"https:\/\/agrilisto.com.ec\/en\/frozen-products-and-services\/","url":"https:\/\/agrilisto.com.ec\/en\/frozen-products-and-services\/","name":"Frozen products and services - Agrilisto","isPartOf":{"@id":"https:\/\/agrilisto.com.ec\/#website"},"datePublished":"2025-02-10T23:09:56+00:00","dateModified":"2025-02-21T23:53:08+00:00","description":"Agrilisto desde 2016 se suma a este prop\u00f3sito brindando productos con innovaci\u00f3n y calidad para diferentes canales comerciales especializ\u00e1ndonos en formatos congelados y refrigerados.","breadcrumb":{"@id":"https:\/\/agrilisto.com.ec\/en\/frozen-products-and-services\/#breadcrumb"},"inLanguage":"en-US","potentialAction":[{"@type":"ReadAction","target":["https:\/\/agrilisto.com.ec\/en\/frozen-products-and-services\/"]}]},{"@type":"BreadcrumbList","@id":"https:\/\/agrilisto.com.ec\/en\/frozen-products-and-services\/#breadcrumb","itemListElement":[{"@type":"ListItem","position":1,"name":"Portada","item":"https:\/\/agrilisto.com.ec\/"},{"@type":"ListItem","position":2,"name":"Frozen products and services"}]},{"@type":"WebSite","@id":"https:\/\/agrilisto.com.ec\/#website","url":"https:\/\/agrilisto.com.ec\/","name":"Agrilisto","description":"Agrilisto del Ecuador","potentialAction":[{"@type":"SearchAction","target":{"@type":"EntryPoint","urlTemplate":"https:\/\/agrilisto.com.ec\/?s={search_term_string}"},"query-input":{"@type":"PropertyValueSpecification","valueRequired":true,"valueName":"search_term_string"}}],"inLanguage":"en-US"}]}},"_links":{"self":[{"href":"https:\/\/agrilisto.com.ec\/en\/wp-json\/wp\/v2\/pages\/799","targetHints":{"allow":["GET"]}}],"collection":[{"href":"https:\/\/agrilisto.com.ec\/en\/wp-json\/wp\/v2\/pages"}],"about":[{"href":"https:\/\/agrilisto.com.ec\/en\/wp-json\/wp\/v2\/types\/page"}],"author":[{"embeddable":true,"href":"https:\/\/agrilisto.com.ec\/en\/wp-json\/wp\/v2\/users\/1"}],"replies":[{"embeddable":true,"href":"https:\/\/agrilisto.com.ec\/en\/wp-json\/wp\/v2\/comments?post=799"}],"version-history":[{"count":7,"href":"https:\/\/agrilisto.com.ec\/en\/wp-json\/wp\/v2\/pages\/799\/revisions"}],"predecessor-version":[{"id":822,"href":"https:\/\/agrilisto.com.ec\/en\/wp-json\/wp\/v2\/pages\/799\/revisions\/822"}],"wp:attachment":[{"href":"https:\/\/agrilisto.com.ec\/en\/wp-json\/wp\/v2\/media?parent=799"}],"curies":[{"name":"wp","href":"https:\/\/api.w.org\/{rel}","templated":true}]}}